{"id":1196,"date":"2023-08-22T10:45:51","date_gmt":"2023-08-22T10:45:51","guid":{"rendered":"https:\/\/ecobuga.com\/targeta-ecobuga\/"},"modified":"2023-09-04T10:30:35","modified_gmt":"2023-09-04T10:30:35","slug":"tarjeta-ecobuga","status":"publish","type":"page","link":"https:\/\/ecobuga.com\/ca\/tarjeta-ecobuga\/","title":{"rendered":"Targeta EcoBuga"},"content":{"rendered":"\t\t<div data-elementor-type=\"wp-page\" data-elementor-id=\"1196\" class=\"elementor elementor-1196\" data-elementor-post-type=\"page\">\n\t\t\t\t\t\t<section class=\"elementor-section elementor-top-section elementor-element elementor-element-883833c elementor-section-boxed elementor-section-height-default elementor-section-height-default elementor-invisible\" data-id=\"883833c\" data-element_type=\"section\" data-e-type=\"section\" data-settings=\"{&quot;background_background&quot;:&quot;classic&quot;,&quot;animation&quot;:&quot;fadeIn&quot;}\">\n\t\t\t\t\t\t\t<div class=\"elementor-background-overlay\"><\/div>\n\t\t\t\t\t\t\t<div class=\"elementor-container elementor-column-gap-default\">\n\t\t\t\t\t<div class=\"elementor-column elementor-col-100 elementor-top-column elementor-element elementor-element-428595a\" data-id=\"428595a\" data-element_type=\"column\" data-e-type=\"column\">\n\t\t\t<div class=\"elementor-widget-wrap elementor-element-populated\">\n\t\t\t\t\t\t\t<\/div>\n\t\t<\/div>\n\t\t\t\t\t<\/div>\n\t\t<\/section>\n\t\t\t\t<section class=\"elementor-section elementor-top-section elementor-element elementor-element-73b51d7 elementor-section-boxed elementor-section-height-default elementor-section-height-default\" data-id=\"73b51d7\" data-element_type=\"section\" data-e-type=\"section\">\n\t\t\t\t\t\t<div class=\"elementor-container elementor-column-gap-default\">\n\t\t\t\t\t<div class=\"elementor-column elementor-col-100 elementor-top-column elementor-element elementor-element-eabf221\" data-id=\"eabf221\" data-element_type=\"column\" data-e-type=\"column\">\n\t\t\t<div class=\"elementor-widget-wrap elementor-element-populated\">\n\t\t\t\t\t\t<section class=\"elementor-section elementor-inner-section elementor-element elementor-element-6690adf elementor-section-boxed elementor-section-height-default elementor-section-height-default\" data-id=\"6690adf\" data-element_type=\"section\" data-e-type=\"section\">\n\t\t\t\t\t\t<div class=\"elementor-container elementor-column-gap-default\">\n\t\t\t\t\t<div class=\"elementor-column elementor-col-50 elementor-inner-column elementor-element elementor-element-06e5191 elementor-invisible\" data-id=\"06e5191\" data-element_type=\"column\" data-e-type=\"column\" data-settings=\"{&quot;animation&quot;:&quot;fadeInLeft&quot;}\">\n\t\t\t<div class=\"elementor-widget-wrap elementor-element-populated\">\n\t\t\t\t\t\t<div class=\"elementor-element elementor-element-0a90d1b elementor-position-left elementor-vertical-align-middle de_scroll_animation_no elementor-widget elementor-widget-image-box\" data-id=\"0a90d1b\" data-element_type=\"widget\" data-e-type=\"widget\" data-widget_type=\"image-box.default\">\n\t\t\t\t<div class=\"elementor-widget-container\">\n\t\t\t\t\t<div class=\"elementor-image-box-wrapper\"><figure class=\"elementor-image-box-img\"><img decoding=\"async\" width=\"128\" height=\"128\" src=\"https:\/\/ecobuga.com\/wp-content\/uploads\/2023\/08\/descuento.png\" class=\"attachment-full size-full wp-image-1017\" alt=\"\" \/><\/figure><div class=\"elementor-image-box-content\"><p class=\"elementor-image-box-description\">Amb la targeta EcoBuga obtindr\u00e0s un 10% de descompte a tots els serveis (rentar i assecar).\n<\/p><\/div><\/div>\t\t\t\t<\/div>\n\t\t\t\t<\/div>\n\t\t\t\t<div class=\"elementor-element elementor-element-5a52f5b elementor-position-left elementor-vertical-align-middle de_scroll_animation_no elementor-widget elementor-widget-image-box\" data-id=\"5a52f5b\" data-element_type=\"widget\" data-e-type=\"widget\" data-widget_type=\"image-box.default\">\n\t\t\t\t<div class=\"elementor-widget-container\">\n\t\t\t\t\t<div class=\"elementor-image-box-wrapper\"><figure class=\"elementor-image-box-img\"><img decoding=\"async\" width=\"128\" height=\"128\" src=\"https:\/\/ecobuga.com\/wp-content\/uploads\/2023\/08\/pos-terminal.png\" class=\"attachment-full size-full wp-image-1023\" alt=\"\" \/><\/figure><div class=\"elementor-image-box-content\"><p class=\"elementor-image-box-description\">La podr\u00e1s adquirir en la misma lavander\u00eda, utilizando la central de pago con las instrucciones que encontrar\u00e1s.\n<\/p><\/div><\/div>\t\t\t\t<\/div>\n\t\t\t\t<\/div>\n\t\t\t\t<div class=\"elementor-element elementor-element-f3b2fe8 elementor-position-left elementor-vertical-align-middle de_scroll_animation_no elementor-widget elementor-widget-image-box\" data-id=\"f3b2fe8\" data-element_type=\"widget\" data-e-type=\"widget\" data-widget_type=\"image-box.default\">\n\t\t\t\t<div class=\"elementor-widget-container\">\n\t\t\t\t\t<div class=\"elementor-image-box-wrapper\"><figure class=\"elementor-image-box-img\"><img decoding=\"async\" width=\"128\" height=\"128\" src=\"https:\/\/ecobuga.com\/wp-content\/uploads\/2023\/08\/euro.png\" class=\"attachment-full size-full wp-image-1022\" alt=\"\" \/><\/figure><div class=\"elementor-image-box-content\"><p class=\"elementor-image-box-description\">Ve carregada amb 20 euros.<\/p><\/div><\/div>\t\t\t\t<\/div>\n\t\t\t\t<\/div>\n\t\t\t\t<div class=\"elementor-element elementor-element-c2ae2a3 elementor-position-left elementor-vertical-align-middle de_scroll_animation_no elementor-widget elementor-widget-image-box\" data-id=\"c2ae2a3\" data-element_type=\"widget\" data-e-type=\"widget\" data-widget_type=\"image-box.default\">\n\t\t\t\t<div class=\"elementor-widget-container\">\n\t\t\t\t\t<div class=\"elementor-image-box-wrapper\"><figure class=\"elementor-image-box-img\"><img loading=\"lazy\" decoding=\"async\" width=\"128\" height=\"128\" src=\"https:\/\/ecobuga.com\/wp-content\/uploads\/2023\/08\/recargar.png\" class=\"attachment-full size-full wp-image-1024\" alt=\"\" \/><\/figure><div class=\"elementor-image-box-content\"><p class=\"elementor-image-box-description\">La podr\u00e0s recarregar sempre que vulguis i amb la quantitat que vulguis, tamb\u00e9 des de la central de pagament.<\/p><\/div><\/div>\t\t\t\t<\/div>\n\t\t\t\t<\/div>\n\t\t\t\t<div class=\"elementor-element elementor-element-8d5c7a2 elementor-position-left elementor-vertical-align-middle de_scroll_animation_no elementor-widget elementor-widget-image-box\" data-id=\"8d5c7a2\" data-element_type=\"widget\" data-e-type=\"widget\" data-widget_type=\"image-box.default\">\n\t\t\t\t<div class=\"elementor-widget-container\">\n\t\t\t\t\t<div class=\"elementor-image-box-wrapper\"><figure class=\"elementor-image-box-img\"><a href=\"https:\/\/ecobuga.com\/wp-content\/uploads\/2023\/08\/bugaderia-puigcerda-targeta-instruccions.jpg\" target=\"_blank\" tabindex=\"-1\"><img loading=\"lazy\" decoding=\"async\" width=\"128\" height=\"128\" src=\"https:\/\/ecobuga.com\/wp-content\/uploads\/2023\/08\/informacion.png\" class=\"attachment-full size-full wp-image-1025\" alt=\"\" \/><\/a><\/figure><div class=\"elementor-image-box-content\"><p class=\"elementor-image-box-description\">Consulta les instruccions d'\u00fas fent clic a la icona.<\/p><\/div><\/div>\t\t\t\t<\/div>\n\t\t\t\t<\/div>\n\t\t\t\t<div class=\"elementor-element elementor-element-fa98ca6 elementor-position-left elementor-vertical-align-middle de_scroll_animation_no elementor-widget elementor-widget-image-box\" data-id=\"fa98ca6\" data-element_type=\"widget\" data-e-type=\"widget\" data-widget_type=\"image-box.default\">\n\t\t\t\t<div class=\"elementor-widget-container\">\n\t\t\t\t\t<div class=\"elementor-image-box-wrapper\"><figure class=\"elementor-image-box-img\"><img loading=\"lazy\" decoding=\"async\" width=\"128\" height=\"128\" src=\"https:\/\/ecobuga.com\/wp-content\/uploads\/2023\/08\/pago-con-tarjeta.png\" class=\"attachment-full size-full wp-image-1026\" alt=\"\" \/><\/figure><div class=\"elementor-image-box-content\"><p class=\"elementor-image-box-description\">Recorda agafar-la abans de marxar!<\/p><\/div><\/div>\t\t\t\t<\/div>\n\t\t\t\t<\/div>\n\t\t\t\t\t<\/div>\n\t\t<\/div>\n\t\t\t\t<div class=\"elementor-column elementor-col-50 elementor-inner-column elementor-element elementor-element-d7d37fc elementor-invisible\" data-id=\"d7d37fc\" data-element_type=\"column\" data-e-type=\"column\" data-settings=\"{&quot;animation&quot;:&quot;fadeInUp&quot;}\">\n\t\t\t<div class=\"elementor-widget-wrap elementor-element-populated\">\n\t\t\t\t\t\t<div class=\"elementor-element elementor-element-4d7b3b2 de_scroll_animation_no elementor-widget elementor-widget-image\" data-id=\"4d7b3b2\" data-element_type=\"widget\" data-e-type=\"widget\" data-settings=\"{&quot;sticky&quot;:&quot;top&quot;,&quot;sticky_offset&quot;:120,&quot;sticky_parent&quot;:&quot;yes&quot;,&quot;sticky_on&quot;:[&quot;desktop&quot;,&quot;tablet&quot;,&quot;mobile&quot;],&quot;sticky_effects_offset&quot;:0,&quot;sticky_anchor_link_offset&quot;:0}\" data-widget_type=\"image.default\">\n\t\t\t\t<div class=\"elementor-widget-container\">\n\t\t\t\t\t\t\t\t\t\t\t\t\t\t\t<img loading=\"lazy\" decoding=\"async\" width=\"860\" height=\"860\" src=\"https:\/\/ecobuga.com\/wp-content\/uploads\/2023\/08\/Captura-de-pantalla-2023-08-22-111225.png\" class=\"attachment-full size-full wp-image-773\" alt=\"\" srcset=\"https:\/\/ecobuga.com\/wp-content\/uploads\/2023\/08\/Captura-de-pantalla-2023-08-22-111225.png 860w, https:\/\/ecobuga.com\/wp-content\/uploads\/2023\/08\/Captura-de-pantalla-2023-08-22-111225-300x300.png 300w, https:\/\/ecobuga.com\/wp-content\/uploads\/2023\/08\/Captura-de-pantalla-2023-08-22-111225-150x150.png 150w, https:\/\/ecobuga.com\/wp-content\/uploads\/2023\/08\/Captura-de-pantalla-2023-08-22-111225-768x768.png 768w\" sizes=\"(max-width: 860px) 100vw, 860px\" \/>\t\t\t\t\t\t\t\t\t\t\t\t\t\t\t<\/div>\n\t\t\t\t<\/div>\n\t\t\t\t\t<\/div>\n\t\t<\/div>\n\t\t\t\t\t<\/div>\n\t\t<\/section>\n\t\t\t\t\t<\/div>\n\t\t<\/div>\n\t\t\t\t\t<\/div>\n\t\t<\/section>\n\t\t\t\t<section class=\"elementor-section elementor-top-section elementor-element elementor-element-404b7ef elementor-section-boxed elementor-section-height-default elementor-section-height-default elementor-invisible\" data-id=\"404b7ef\" data-element_type=\"section\" data-e-type=\"section\" data-settings=\"{&quot;background_background&quot;:&quot;gradient&quot;,&quot;animation&quot;:&quot;fadeIn&quot;}\">\n\t\t\t\t\t\t<div class=\"elementor-container elementor-column-gap-default\">\n\t\t\t\t\t<div class=\"elementor-column elementor-col-50 elementor-top-column elementor-element elementor-element-cd4348c\" data-id=\"cd4348c\" data-element_type=\"column\" data-e-type=\"column\">\n\t\t\t<div class=\"elementor-widget-wrap elementor-element-populated\">\n\t\t\t\t\t\t<div class=\"elementor-element elementor-element-0fa61b0 de_scroll_animation_no elementor-invisible elementor-widget elementor-widget-heading\" data-id=\"0fa61b0\" data-element_type=\"widget\" data-e-type=\"widget\" data-settings=\"{&quot;_animation&quot;:&quot;fadeInUp&quot;}\" data-widget_type=\"heading.default\">\n\t\t\t\t<div class=\"elementor-widget-container\">\n\t\t\t\t\t<h3 class=\"elementor-heading-title elementor-size-default\">A punt per experimentar la difer\u00e8ncia EcoBuga?<\/h3>\t\t\t\t<\/div>\n\t\t\t\t<\/div>\n\t\t\t\t<div class=\"elementor-element elementor-element-0f98bb9 de_scroll_animation_no elementor-invisible elementor-widget elementor-widget-heading\" data-id=\"0f98bb9\" data-element_type=\"widget\" data-e-type=\"widget\" data-settings=\"{&quot;_animation&quot;:&quot;fadeInUp&quot;}\" data-widget_type=\"heading.default\">\n\t\t\t\t<div class=\"elementor-widget-container\">\n\t\t\t\t\t<h3 class=\"elementor-heading-title elementor-size-default\">Fes clic al bot\u00f3 per contactar i con\u00e8ixer tots els detalls dels nostres serveis personalitzats.<\/h3>\t\t\t\t<\/div>\n\t\t\t\t<\/div>\n\t\t\t\t\t<\/div>\n\t\t<\/div>\n\t\t\t\t<div class=\"elementor-column elementor-col-50 elementor-top-column elementor-element elementor-element-cf7d359\" data-id=\"cf7d359\" data-element_type=\"column\" data-e-type=\"column\">\n\t\t\t<div class=\"elementor-widget-wrap elementor-element-populated\">\n\t\t\t\t\t\t<div class=\"elementor-element elementor-element-0cdcc59 elementor-align-right elementor-widget-mobile__width-inherit elementor-mobile-align-center de_scroll_animation_no elementor-invisible elementor-widget elementor-widget-button\" data-id=\"0cdcc59\" data-element_type=\"widget\" data-e-type=\"widget\" data-settings=\"{&quot;_animation&quot;:&quot;fadeInUp&quot;}\" data-widget_type=\"button.default\">\n\t\t\t\t<div class=\"elementor-widget-container\">\n\t\t\t\t\t\t\t\t\t<div class=\"elementor-button-wrapper\">\n\t\t\t\t\t<a class=\"elementor-button elementor-button-link elementor-size-sm\" href=\"https:\/\/ecobuga.com\/contacto\/\">\n\t\t\t\t\t\t<span class=\"elementor-button-content-wrapper\">\n\t\t\t\t\t\t<span class=\"elementor-button-icon\">\n\t\t\t\t<i aria-hidden=\"true\" class=\"icon icon-right-arrow\"><\/i>\t\t\t<\/span>\n\t\t\t\t\t\t\t\t\t<span class=\"elementor-button-text\">Fes la teva consulta<\/span>\n\t\t\t\t\t<\/span>\n\t\t\t\t\t<\/a>\n\t\t\t\t<\/div>\n\t\t\t\t\t\t\t\t<\/div>\n\t\t\t\t<\/div>\n\t\t\t\t\t<\/div>\n\t\t<\/div>\n\t\t\t\t\t<\/div>\n\t\t<\/section>\n\t\t\t\t<\/div>\n\t\t","protected":false},"excerpt":{"rendered":"<p>Amb la targeta EcoBuga obtindr\u00e0s un 10% de descompte a tots els serveis (rentar i assecar). La podr\u00e1s adquirir en la misma lavander\u00eda, utilizando la central de pago con las instrucciones que encontrar\u00e1s. Ve carregada amb 20 euros. La podr\u00e0s recarregar sempre que vulguis i amb la quantitat que vulguis, tamb\u00e9 des de la central [&hellip;]<\/p>\n","protected":false},"author":1,"featured_media":0,"parent":0,"menu_order":0,"comment_status":"closed","ping_status":"closed","template":"elementor_header_footer","meta":{"footnotes":""},"class_list":["post-1196","page","type-page","status-publish","hentry"],"yoast_head":"<!-- This site is optimized with the Yoast SEO plugin v26.8 - https:\/\/yoast.com\/product\/yoast-seo-wordpress\/ -->\n<title>Bugaderia Autoservei i a Domicili | Bugaderia a La Cerdanya<\/title>\n<meta name=\"description\" content=\"Bugaderia Autoservei i a Domicili a La Cerdanya. 10 Anys al seu servei. 2 locals a Puigcerd\u00e0. Neteja de sof\u00e0s, catifes i tapisseries a domicili\" \/>\n<meta name=\"robots\" content=\"index, follow, max-snippet:-1, max-image-preview:large, max-video-preview:-1\" \/>\n<link rel=\"canonical\" href=\"https:\/\/ecobuga.com\/ca\/tarjeta-ecobuga\/\" \/>\n<meta property=\"og:locale\" content=\"en_US\" \/>\n<meta property=\"og:type\" content=\"article\" \/>\n<meta property=\"og:title\" content=\"Bugaderia Autoservei i a Domicili | Bugaderia a La Cerdanya\" \/>\n<meta property=\"og:description\" content=\"Bugaderia Autoservei i a Domicili a La Cerdanya. 10 Anys al seu servei. 2 locals a Puigcerd\u00e0. Neteja de sof\u00e0s, catifes i tapisseries a domicili\" \/>\n<meta property=\"og:url\" content=\"https:\/\/ecobuga.com\/ca\/tarjeta-ecobuga\/\" \/>\n<meta property=\"og:site_name\" content=\"Lavander\u00edas Autoservicio La Cerdanya\" \/>\n<meta property=\"article:modified_time\" content=\"2023-09-04T10:30:35+00:00\" \/>\n<meta property=\"og:image\" content=\"https:\/\/ecobuga.com\/wp-content\/uploads\/2023\/08\/descuento.png\" \/>\n<meta name=\"twitter:card\" content=\"summary_large_image\" \/>\n<meta name=\"twitter:label1\" content=\"Est. reading time\" \/>\n\t<meta name=\"twitter:data1\" content=\"2 minutes\" \/>\n<script type=\"application\/ld+json\" class=\"yoast-schema-graph\">{\"@context\":\"https:\/\/schema.org\",\"@graph\":[{\"@type\":\"WebPage\",\"@id\":\"https:\/\/ecobuga.com\/ca\/tarjeta-ecobuga\/\",\"url\":\"https:\/\/ecobuga.com\/ca\/tarjeta-ecobuga\/\",\"name\":\"Bugaderia Autoservei i a Domicili | Bugaderia a La Cerdanya\",\"isPartOf\":{\"@id\":\"https:\/\/ecobuga.com\/#website\"},\"primaryImageOfPage\":{\"@id\":\"https:\/\/ecobuga.com\/ca\/tarjeta-ecobuga\/#primaryimage\"},\"image\":{\"@id\":\"https:\/\/ecobuga.com\/ca\/tarjeta-ecobuga\/#primaryimage\"},\"thumbnailUrl\":\"https:\/\/ecobuga.com\/wp-content\/uploads\/2023\/08\/descuento.png\",\"datePublished\":\"2023-08-22T10:45:51+00:00\",\"dateModified\":\"2023-09-04T10:30:35+00:00\",\"description\":\"Bugaderia Autoservei i a Domicili a La Cerdanya. 10 Anys al seu servei. 2 locals a Puigcerd\u00e0. Neteja de sof\u00e0s, catifes i tapisseries a domicili\",\"breadcrumb\":{\"@id\":\"https:\/\/ecobuga.com\/ca\/tarjeta-ecobuga\/#breadcrumb\"},\"inLanguage\":\"cat\",\"potentialAction\":[{\"@type\":\"ReadAction\",\"target\":[\"https:\/\/ecobuga.com\/ca\/tarjeta-ecobuga\/\"]}]},{\"@type\":\"ImageObject\",\"inLanguage\":\"cat\",\"@id\":\"https:\/\/ecobuga.com\/ca\/tarjeta-ecobuga\/#primaryimage\",\"url\":\"https:\/\/ecobuga.com\/wp-content\/uploads\/2023\/08\/descuento.png\",\"contentUrl\":\"https:\/\/ecobuga.com\/wp-content\/uploads\/2023\/08\/descuento.png\"},{\"@type\":\"BreadcrumbList\",\"@id\":\"https:\/\/ecobuga.com\/ca\/tarjeta-ecobuga\/#breadcrumb\",\"itemListElement\":[{\"@type\":\"ListItem\",\"position\":1,\"name\":\"Portada\",\"item\":\"https:\/\/ecobuga.com\/\"},{\"@type\":\"ListItem\",\"position\":2,\"name\":\"Targeta EcoBuga\"}]},{\"@type\":\"WebSite\",\"@id\":\"https:\/\/ecobuga.com\/#website\",\"url\":\"https:\/\/ecobuga.com\/\",\"name\":\"Lavander\u00edas Autoservicio La Cerdanya\",\"description\":\"Lavander\u00edas Autoservicio La Cerdanya \/ Limpieza de Sof\u00e1s, Alfombras y Tapicer\u00eda en general\",\"potentialAction\":[{\"@type\":\"SearchAction\",\"target\":{\"@type\":\"EntryPoint\",\"urlTemplate\":\"https:\/\/ecobuga.com\/?s={search_term_string}\"},\"query-input\":{\"@type\":\"PropertyValueSpecification\",\"valueRequired\":true,\"valueName\":\"search_term_string\"}}],\"inLanguage\":\"cat\"}]}<\/script>\n<!-- \/ Yoast SEO plugin. -->","yoast_head_json":{"title":"Bugaderia Autoservei i a Domicili | Bugaderia a La Cerdanya","description":"Bugaderia Autoservei i a Domicili a La Cerdanya. 10 Anys al seu servei. 2 locals a Puigcerd\u00e0. Neteja de sof\u00e0s, catifes i tapisseries a domicili","robots":{"index":"index","follow":"follow","max-snippet":"max-snippet:-1","max-image-preview":"max-image-preview:large","max-video-preview":"max-video-preview:-1"},"canonical":"https:\/\/ecobuga.com\/ca\/tarjeta-ecobuga\/","og_locale":"en_US","og_type":"article","og_title":"Bugaderia Autoservei i a Domicili | Bugaderia a La Cerdanya","og_description":"Bugaderia Autoservei i a Domicili a La Cerdanya. 10 Anys al seu servei. 2 locals a Puigcerd\u00e0. Neteja de sof\u00e0s, catifes i tapisseries a domicili","og_url":"https:\/\/ecobuga.com\/ca\/tarjeta-ecobuga\/","og_site_name":"Lavander\u00edas Autoservicio La Cerdanya","article_modified_time":"2023-09-04T10:30:35+00:00","og_image":[{"url":"https:\/\/ecobuga.com\/wp-content\/uploads\/2023\/08\/descuento.png","type":"","width":"","height":""}],"twitter_card":"summary_large_image","twitter_misc":{"Est. reading time":"2 minutes"},"schema":{"@context":"https:\/\/schema.org","@graph":[{"@type":"WebPage","@id":"https:\/\/ecobuga.com\/ca\/tarjeta-ecobuga\/","url":"https:\/\/ecobuga.com\/ca\/tarjeta-ecobuga\/","name":"Bugaderia Autoservei i a Domicili | Bugaderia a La Cerdanya","isPartOf":{"@id":"https:\/\/ecobuga.com\/#website"},"primaryImageOfPage":{"@id":"https:\/\/ecobuga.com\/ca\/tarjeta-ecobuga\/#primaryimage"},"image":{"@id":"https:\/\/ecobuga.com\/ca\/tarjeta-ecobuga\/#primaryimage"},"thumbnailUrl":"https:\/\/ecobuga.com\/wp-content\/uploads\/2023\/08\/descuento.png","datePublished":"2023-08-22T10:45:51+00:00","dateModified":"2023-09-04T10:30:35+00:00","description":"Bugaderia Autoservei i a Domicili a La Cerdanya. 10 Anys al seu servei. 2 locals a Puigcerd\u00e0. Neteja de sof\u00e0s, catifes i tapisseries a domicili","breadcrumb":{"@id":"https:\/\/ecobuga.com\/ca\/tarjeta-ecobuga\/#breadcrumb"},"inLanguage":"cat","potentialAction":[{"@type":"ReadAction","target":["https:\/\/ecobuga.com\/ca\/tarjeta-ecobuga\/"]}]},{"@type":"ImageObject","inLanguage":"cat","@id":"https:\/\/ecobuga.com\/ca\/tarjeta-ecobuga\/#primaryimage","url":"https:\/\/ecobuga.com\/wp-content\/uploads\/2023\/08\/descuento.png","contentUrl":"https:\/\/ecobuga.com\/wp-content\/uploads\/2023\/08\/descuento.png"},{"@type":"BreadcrumbList","@id":"https:\/\/ecobuga.com\/ca\/tarjeta-ecobuga\/#breadcrumb","itemListElement":[{"@type":"ListItem","position":1,"name":"Portada","item":"https:\/\/ecobuga.com\/"},{"@type":"ListItem","position":2,"name":"Targeta EcoBuga"}]},{"@type":"WebSite","@id":"https:\/\/ecobuga.com\/#website","url":"https:\/\/ecobuga.com\/","name":"Lavander\u00edas Autoservicio La Cerdanya","description":"Lavander\u00edas Autoservicio La Cerdanya \/ Limpieza de Sof\u00e1s, Alfombras y Tapicer\u00eda en general","potentialAction":[{"@type":"SearchAction","target":{"@type":"EntryPoint","urlTemplate":"https:\/\/ecobuga.com\/?s={search_term_string}"},"query-input":{"@type":"PropertyValueSpecification","valueRequired":true,"valueName":"search_term_string"}}],"inLanguage":"cat"}]}},"_links":{"self":[{"href":"https:\/\/ecobuga.com\/ca\/wp-json\/wp\/v2\/pages\/1196","targetHints":{"allow":["GET"]}}],"collection":[{"href":"https:\/\/ecobuga.com\/ca\/wp-json\/wp\/v2\/pages"}],"about":[{"href":"https:\/\/ecobuga.com\/ca\/wp-json\/wp\/v2\/types\/page"}],"author":[{"embeddable":true,"href":"https:\/\/ecobuga.com\/ca\/wp-json\/wp\/v2\/users\/1"}],"replies":[{"embeddable":true,"href":"https:\/\/ecobuga.com\/ca\/wp-json\/wp\/v2\/comments?post=1196"}],"version-history":[{"count":10,"href":"https:\/\/ecobuga.com\/ca\/wp-json\/wp\/v2\/pages\/1196\/revisions"}],"predecessor-version":[{"id":1465,"href":"https:\/\/ecobuga.com\/ca\/wp-json\/wp\/v2\/pages\/1196\/revisions\/1465"}],"wp:attachment":[{"href":"https:\/\/ecobuga.com\/ca\/wp-json\/wp\/v2\/media?parent=1196"}],"curies":[{"name":"wp","href":"https:\/\/api.w.org\/{rel}","templated":true}]}}