{"id":1193,"date":"2023-08-22T10:44:59","date_gmt":"2023-08-22T10:44:59","guid":{"rendered":"https:\/\/ecobuga.com\/servei-a-domicili\/"},"modified":"2023-09-23T18:24:24","modified_gmt":"2023-09-23T18:24:24","slug":"bugaderia-domicili-la-cerdanya","status":"publish","type":"page","link":"https:\/\/ecobuga.com\/ca\/bugaderia-domicili-la-cerdanya\/","title":{"rendered":"Servei a domicili"},"content":{"rendered":"\t\t<div data-elementor-type=\"wp-page\" data-elementor-id=\"1193\" class=\"elementor elementor-1193\" data-elementor-post-type=\"page\">\n\t\t\t\t\t\t<section class=\"elementor-section elementor-top-section elementor-element elementor-element-023d81f elementor-section-boxed elementor-section-height-default elementor-section-height-default elementor-invisible\" data-id=\"023d81f\" data-element_type=\"section\" data-e-type=\"section\" data-settings=\"{&quot;background_background&quot;:&quot;classic&quot;,&quot;animation&quot;:&quot;fadeIn&quot;}\">\n\t\t\t\t\t\t\t<div class=\"elementor-background-overlay\"><\/div>\n\t\t\t\t\t\t\t<div class=\"elementor-container elementor-column-gap-default\">\n\t\t\t\t\t<div class=\"elementor-column elementor-col-100 elementor-top-column elementor-element elementor-element-a606516\" data-id=\"a606516\" data-element_type=\"column\" data-e-type=\"column\">\n\t\t\t<div class=\"elementor-widget-wrap elementor-element-populated\">\n\t\t\t\t\t\t\t<\/div>\n\t\t<\/div>\n\t\t\t\t\t<\/div>\n\t\t<\/section>\n\t\t\t\t<section class=\"elementor-section elementor-top-section elementor-element elementor-element-35ccd78 elementor-section-boxed elementor-section-height-default elementor-section-height-default\" data-id=\"35ccd78\" data-element_type=\"section\" data-e-type=\"section\">\n\t\t\t\t\t\t<div class=\"elementor-container elementor-column-gap-default\">\n\t\t\t\t\t<div class=\"elementor-column elementor-col-100 elementor-top-column elementor-element elementor-element-c677f7e\" data-id=\"c677f7e\" data-element_type=\"column\" data-e-type=\"column\">\n\t\t\t<div class=\"elementor-widget-wrap elementor-element-populated\">\n\t\t\t\t\t\t<section class=\"elementor-section elementor-inner-section elementor-element elementor-element-808446e elementor-section-boxed elementor-section-height-default elementor-section-height-default\" data-id=\"808446e\" data-element_type=\"section\" data-e-type=\"section\">\n\t\t\t\t\t\t<div class=\"elementor-container elementor-column-gap-default\">\n\t\t\t\t\t<div class=\"elementor-column elementor-col-50 elementor-inner-column elementor-element elementor-element-30e04f4 elementor-invisible\" data-id=\"30e04f4\" data-element_type=\"column\" data-e-type=\"column\" data-settings=\"{&quot;animation&quot;:&quot;fadeInLeft&quot;}\">\n\t\t\t<div class=\"elementor-widget-wrap elementor-element-populated\">\n\t\t\t\t\t\t<div class=\"elementor-element elementor-element-0705a42 elementor-widget-mobile__width-inherit elementor-widget-tablet__width-inherit de_scroll_animation_no elementor-widget elementor-widget-heading\" data-id=\"0705a42\" data-element_type=\"widget\" data-e-type=\"widget\" data-settings=\"{&quot;_animation&quot;:&quot;none&quot;}\" data-widget_type=\"heading.default\">\n\t\t\t\t<div class=\"elementor-widget-container\">\n\t\t\t\t\t<h2 class=\"elementor-heading-title elementor-size-default\">Vols <b>estalviar temps<\/b> en rentar la roba? T'agradaria aprofitar-lo per fer altres coses? Ara la <b>Bugaderia Autoservei EcoBuga<\/b> t'ofereix el S<b>ervei a Domicili a tota La Cerdanya<\/b>. En <b>24-48h<\/b> tindr\u00e0s la teva comanda a casa. Si ho desitges, tamb\u00e9 tens a la teva disposici\u00f3 el S<b>ervei de Planxa<\/b>.<br><br>\u00c9s molt senzill. Fes la comanda a trav\u00e9s de <b>WhatsApp o Tel\u00e8fon<\/b> ( 668 63 01 62 ) o a trav\u00e9s de la nostra <b>App <\/b>(Google Play). Un cop feta la comanda, nom\u00e9s has d'esperar!\n<\/h2>\t\t\t\t<\/div>\n\t\t\t\t<\/div>\n\t\t\t\t<div class=\"elementor-element elementor-element-491defa de_scroll_animation_no elementor-widget elementor-widget-heading\" data-id=\"491defa\" data-element_type=\"widget\" data-e-type=\"widget\" data-settings=\"{&quot;_animation&quot;:&quot;none&quot;}\" data-widget_type=\"heading.default\">\n\t\t\t\t<div class=\"elementor-widget-container\">\n\t\t\t\t\t<h5 class=\"elementor-heading-title elementor-size-default\">Detalls:<\/h5>\t\t\t\t<\/div>\n\t\t\t\t<\/div>\n\t\t\t\t<div class=\"elementor-element elementor-element-8c72a1f elementor-widget-tablet__width-inherit elementor-icon-list--layout-traditional elementor-list-item-link-full_width de_scroll_animation_no elementor-widget elementor-widget-icon-list\" data-id=\"8c72a1f\" data-element_type=\"widget\" data-e-type=\"widget\" data-settings=\"{&quot;_animation&quot;:&quot;none&quot;}\" data-widget_type=\"icon-list.default\">\n\t\t\t\t<div class=\"elementor-widget-container\">\n\t\t\t\t\t\t\t<ul class=\"elementor-icon-list-items\">\n\t\t\t\t\t\t\t<li class=\"elementor-icon-list-item\">\n\t\t\t\t\t\t\t\t\t\t\t<span class=\"elementor-icon-list-icon\">\n\t\t\t\t\t\t\t<i aria-hidden=\"true\" class=\"icon icon-check\"><\/i>\t\t\t\t\t\t<\/span>\n\t\t\t\t\t\t\t\t\t\t<span class=\"elementor-icon-list-text\"><b>NO<\/b>  es rentar\u00e0 la roba barrejada amb la d'altres clients.<\/span>\n\t\t\t\t\t\t\t\t\t<\/li>\n\t\t\t\t\t\t\t\t<li class=\"elementor-icon-list-item\">\n\t\t\t\t\t\t\t\t\t\t\t<span class=\"elementor-icon-list-icon\">\n\t\t\t\t\t\t\t<i aria-hidden=\"true\" class=\"icon icon-check\"><\/i>\t\t\t\t\t\t<\/span>\n\t\t\t\t\t\t\t\t\t\t<span class=\"elementor-icon-list-text\">Haur\u00e0s d'indicar la temperatura que vols que es renti la roba<\/span>\n\t\t\t\t\t\t\t\t\t<\/li>\n\t\t\t\t\t\t\t\t<li class=\"elementor-icon-list-item\">\n\t\t\t\t\t\t\t\t\t\t\t<span class=\"elementor-icon-list-icon\">\n\t\t\t\t\t\t\t<i aria-hidden=\"true\" class=\"icon icon-check\"><\/i>\t\t\t\t\t\t<\/span>\n\t\t\t\t\t\t\t\t\t\t<span class=\"elementor-icon-list-text\">Hi ha alguna cosa delcicada? Ho has d'indicar a la recollida de la roba.<\/span>\n\t\t\t\t\t\t\t\t\t<\/li>\n\t\t\t\t\t\t\t\t<li class=\"elementor-icon-list-item\">\n\t\t\t\t\t\t\t\t\t\t\t<span class=\"elementor-icon-list-icon\">\n\t\t\t\t\t\t\t<i aria-hidden=\"true\" class=\"icon icon-check\"><\/i>\t\t\t\t\t\t<\/span>\n\t\t\t\t\t\t\t\t\t\t<span class=\"elementor-icon-list-text\">Disponible serveri de <b>planxa<\/b> a 2\u20ac\/pe\u00e7a.<\/span>\n\t\t\t\t\t\t\t\t\t<\/li>\n\t\t\t\t\t\t<\/ul>\n\t\t\t\t\t\t<\/div>\n\t\t\t\t<\/div>\n\t\t\t\t\t<\/div>\n\t\t<\/div>\n\t\t\t\t<div class=\"elementor-column elementor-col-50 elementor-inner-column elementor-element elementor-element-6d46fbf elementor-invisible\" data-id=\"6d46fbf\" data-element_type=\"column\" data-e-type=\"column\" data-settings=\"{&quot;animation&quot;:&quot;fadeInUp&quot;}\">\n\t\t\t<div class=\"elementor-widget-wrap elementor-element-populated\">\n\t\t\t\t\t\t<div class=\"elementor-element elementor-element-05c195b de_scroll_animation_no elementor-widget elementor-widget-image\" data-id=\"05c195b\" data-element_type=\"widget\" data-e-type=\"widget\" data-widget_type=\"image.default\">\n\t\t\t\t<div class=\"elementor-widget-container\">\n\t\t\t\t\t\t\t\t\t\t\t\t\t\t\t<img fetchpriority=\"high\" decoding=\"async\" width=\"1500\" height=\"1500\" src=\"https:\/\/ecobuga.com\/wp-content\/uploads\/2020\/12\/servei-neteja.jpg\" class=\"attachment-full size-full wp-image-677\" alt=\"\" srcset=\"https:\/\/ecobuga.com\/wp-content\/uploads\/2020\/12\/servei-neteja.jpg 1500w, https:\/\/ecobuga.com\/wp-content\/uploads\/2020\/12\/servei-neteja-300x300.jpg 300w, https:\/\/ecobuga.com\/wp-content\/uploads\/2020\/12\/servei-neteja-1024x1024.jpg 1024w, https:\/\/ecobuga.com\/wp-content\/uploads\/2020\/12\/servei-neteja-150x150.jpg 150w, https:\/\/ecobuga.com\/wp-content\/uploads\/2020\/12\/servei-neteja-768x768.jpg 768w, https:\/\/ecobuga.com\/wp-content\/uploads\/2020\/12\/servei-neteja-1200x1200.jpg 1200w\" sizes=\"(max-width: 1500px) 100vw, 1500px\" \/>\t\t\t\t\t\t\t\t\t\t\t\t\t\t\t<\/div>\n\t\t\t\t<\/div>\n\t\t\t\t\t<\/div>\n\t\t<\/div>\n\t\t\t\t\t<\/div>\n\t\t<\/section>\n\t\t\t\t\t<\/div>\n\t\t<\/div>\n\t\t\t\t\t<\/div>\n\t\t<\/section>\n\t\t\t\t<section class=\"elementor-section elementor-top-section elementor-element elementor-element-40e199b elementor-section-boxed elementor-section-height-default elementor-section-height-default elementor-invisible\" data-id=\"40e199b\" data-element_type=\"section\" data-e-type=\"section\" data-settings=\"{&quot;background_background&quot;:&quot;gradient&quot;,&quot;animation&quot;:&quot;fadeIn&quot;}\">\n\t\t\t\t\t\t<div class=\"elementor-container elementor-column-gap-default\">\n\t\t\t\t\t<div class=\"elementor-column elementor-col-50 elementor-top-column elementor-element elementor-element-1fa3904\" data-id=\"1fa3904\" data-element_type=\"column\" data-e-type=\"column\">\n\t\t\t<div class=\"elementor-widget-wrap elementor-element-populated\">\n\t\t\t\t\t\t<div class=\"elementor-element elementor-element-2be490e de_scroll_animation_no elementor-invisible elementor-widget elementor-widget-heading\" data-id=\"2be490e\" data-element_type=\"widget\" data-e-type=\"widget\" data-settings=\"{&quot;_animation&quot;:&quot;fadeInUp&quot;}\" data-widget_type=\"heading.default\">\n\t\t\t\t<div class=\"elementor-widget-container\">\n\t\t\t\t\t<h3 class=\"elementor-heading-title elementor-size-default\">Llest per experimentar la difer\u00e8ncia d'EcoBuga? <\/h3>\t\t\t\t<\/div>\n\t\t\t\t<\/div>\n\t\t\t\t<div class=\"elementor-element elementor-element-80ed812 de_scroll_animation_no elementor-invisible elementor-widget elementor-widget-heading\" data-id=\"80ed812\" data-element_type=\"widget\" data-e-type=\"widget\" data-settings=\"{&quot;_animation&quot;:&quot;fadeInUp&quot;}\" data-widget_type=\"heading.default\">\n\t\t\t\t<div class=\"elementor-widget-container\">\n\t\t\t\t\t<h3 class=\"elementor-heading-title elementor-size-default\">Fes clic al bot\u00f3 per contactar-nos i con\u00e8ixer tots els detalls dels nostres serveis personalitzats.<\/h3>\t\t\t\t<\/div>\n\t\t\t\t<\/div>\n\t\t\t\t\t<\/div>\n\t\t<\/div>\n\t\t\t\t<div class=\"elementor-column elementor-col-50 elementor-top-column elementor-element elementor-element-bd07578\" data-id=\"bd07578\" data-element_type=\"column\" data-e-type=\"column\">\n\t\t\t<div class=\"elementor-widget-wrap elementor-element-populated\">\n\t\t\t\t\t\t<div class=\"elementor-element elementor-element-2ee9722 elementor-align-right elementor-widget-mobile__width-inherit elementor-mobile-align-center de_scroll_animation_no elementor-invisible elementor-widget elementor-widget-button\" data-id=\"2ee9722\" data-element_type=\"widget\" data-e-type=\"widget\" data-settings=\"{&quot;_animation&quot;:&quot;fadeInUp&quot;}\" data-widget_type=\"button.default\">\n\t\t\t\t<div class=\"elementor-widget-container\">\n\t\t\t\t\t\t\t\t\t<div class=\"elementor-button-wrapper\">\n\t\t\t\t\t<a class=\"elementor-button elementor-button-link elementor-size-sm\" href=\"https:\/\/ecobuga.com\/contacto\/\">\n\t\t\t\t\t\t<span class=\"elementor-button-content-wrapper\">\n\t\t\t\t\t\t<span class=\"elementor-button-icon\">\n\t\t\t\t<i aria-hidden=\"true\" class=\"icon icon-right-arrow\"><\/i>\t\t\t<\/span>\n\t\t\t\t\t\t\t\t\t<span class=\"elementor-button-text\">Fes la teva consulta<\/span>\n\t\t\t\t\t<\/span>\n\t\t\t\t\t<\/a>\n\t\t\t\t<\/div>\n\t\t\t\t\t\t\t\t<\/div>\n\t\t\t\t<\/div>\n\t\t\t\t\t<\/div>\n\t\t<\/div>\n\t\t\t\t\t<\/div>\n\t\t<\/section>\n\t\t\t\t<\/div>\n\t\t","protected":false},"excerpt":{"rendered":"<p>Vols estalviar temps en rentar la roba? T&#8217;agradaria aprofitar-lo per fer altres coses? Ara la Bugaderia Autoservei EcoBuga t&#8217;ofereix el Servei a Domicili a tota La Cerdanya. En 24-48h tindr\u00e0s la teva comanda a casa. Si ho desitges, tamb\u00e9 tens a la teva disposici\u00f3 el Servei de Planxa. \u00c9s molt senzill. Fes la comanda a [&hellip;]<\/p>\n","protected":false},"author":1,"featured_media":0,"parent":0,"menu_order":0,"comment_status":"closed","ping_status":"closed","template":"elementor_header_footer","meta":{"footnotes":""},"class_list":["post-1193","page","type-page","status-publish","hentry"],"yoast_head":"<!-- This site is optimized with the Yoast SEO plugin v26.8 - https:\/\/yoast.com\/product\/yoast-seo-wordpress\/ -->\n<title>Bugaderia Autoservei i a Domicili | Bugaderia a La Cerdanya<\/title>\n<meta name=\"description\" content=\"Bugaderia a Domicili a La Cerdanya. 10 Anys al seu servei. 2 locals a Puigcerd\u00e0. Neteja de sof\u00e0s, catifes i tapisseries a domicili\" \/>\n<meta name=\"robots\" content=\"index, follow, max-snippet:-1, max-image-preview:large, max-video-preview:-1\" \/>\n<link rel=\"canonical\" href=\"https:\/\/ecobuga.com\/ca\/bugaderia-domicili-la-cerdanya\/\" \/>\n<meta property=\"og:locale\" content=\"en_US\" \/>\n<meta property=\"og:type\" content=\"article\" \/>\n<meta property=\"og:title\" content=\"Bugaderia Autoservei i a Domicili | Bugaderia a La Cerdanya\" \/>\n<meta property=\"og:description\" content=\"Bugaderia a Domicili a La Cerdanya. 10 Anys al seu servei. 2 locals a Puigcerd\u00e0. Neteja de sof\u00e0s, catifes i tapisseries a domicili\" \/>\n<meta property=\"og:url\" content=\"https:\/\/ecobuga.com\/ca\/bugaderia-domicili-la-cerdanya\/\" \/>\n<meta property=\"og:site_name\" content=\"Lavander\u00edas Autoservicio La Cerdanya\" \/>\n<meta property=\"article:modified_time\" content=\"2023-09-23T18:24:24+00:00\" \/>\n<meta property=\"og:image\" content=\"https:\/\/ecobuga.com\/wp-content\/uploads\/2020\/12\/servei-neteja.jpg\" \/>\n<meta name=\"twitter:card\" content=\"summary_large_image\" \/>\n<meta name=\"twitter:label1\" content=\"Est. reading time\" \/>\n\t<meta name=\"twitter:data1\" content=\"2 minutes\" \/>\n<script type=\"application\/ld+json\" class=\"yoast-schema-graph\">{\"@context\":\"https:\/\/schema.org\",\"@graph\":[{\"@type\":\"WebPage\",\"@id\":\"https:\/\/ecobuga.com\/ca\/bugaderia-domicili-la-cerdanya\/\",\"url\":\"https:\/\/ecobuga.com\/ca\/bugaderia-domicili-la-cerdanya\/\",\"name\":\"Bugaderia Autoservei i a Domicili | Bugaderia a La Cerdanya\",\"isPartOf\":{\"@id\":\"https:\/\/ecobuga.com\/#website\"},\"primaryImageOfPage\":{\"@id\":\"https:\/\/ecobuga.com\/ca\/bugaderia-domicili-la-cerdanya\/#primaryimage\"},\"image\":{\"@id\":\"https:\/\/ecobuga.com\/ca\/bugaderia-domicili-la-cerdanya\/#primaryimage\"},\"thumbnailUrl\":\"https:\/\/ecobuga.com\/wp-content\/uploads\/2020\/12\/servei-neteja.jpg\",\"datePublished\":\"2023-08-22T10:44:59+00:00\",\"dateModified\":\"2023-09-23T18:24:24+00:00\",\"description\":\"Bugaderia a Domicili a La Cerdanya. 10 Anys al seu servei. 2 locals a Puigcerd\u00e0. Neteja de sof\u00e0s, catifes i tapisseries a domicili\",\"breadcrumb\":{\"@id\":\"https:\/\/ecobuga.com\/ca\/bugaderia-domicili-la-cerdanya\/#breadcrumb\"},\"inLanguage\":\"cat\",\"potentialAction\":[{\"@type\":\"ReadAction\",\"target\":[\"https:\/\/ecobuga.com\/ca\/bugaderia-domicili-la-cerdanya\/\"]}]},{\"@type\":\"ImageObject\",\"inLanguage\":\"cat\",\"@id\":\"https:\/\/ecobuga.com\/ca\/bugaderia-domicili-la-cerdanya\/#primaryimage\",\"url\":\"https:\/\/ecobuga.com\/wp-content\/uploads\/2020\/12\/servei-neteja.jpg\",\"contentUrl\":\"https:\/\/ecobuga.com\/wp-content\/uploads\/2020\/12\/servei-neteja.jpg\"},{\"@type\":\"BreadcrumbList\",\"@id\":\"https:\/\/ecobuga.com\/ca\/bugaderia-domicili-la-cerdanya\/#breadcrumb\",\"itemListElement\":[{\"@type\":\"ListItem\",\"position\":1,\"name\":\"Portada\",\"item\":\"https:\/\/ecobuga.com\/\"},{\"@type\":\"ListItem\",\"position\":2,\"name\":\"Servei a domicili\"}]},{\"@type\":\"WebSite\",\"@id\":\"https:\/\/ecobuga.com\/#website\",\"url\":\"https:\/\/ecobuga.com\/\",\"name\":\"Lavander\u00edas Autoservicio La Cerdanya\",\"description\":\"Lavander\u00edas Autoservicio La Cerdanya \/ Limpieza de Sof\u00e1s, Alfombras y Tapicer\u00eda en general\",\"potentialAction\":[{\"@type\":\"SearchAction\",\"target\":{\"@type\":\"EntryPoint\",\"urlTemplate\":\"https:\/\/ecobuga.com\/?s={search_term_string}\"},\"query-input\":{\"@type\":\"PropertyValueSpecification\",\"valueRequired\":true,\"valueName\":\"search_term_string\"}}],\"inLanguage\":\"cat\"}]}<\/script>\n<!-- \/ Yoast SEO plugin. -->","yoast_head_json":{"title":"Bugaderia Autoservei i a Domicili | Bugaderia a La Cerdanya","description":"Bugaderia a Domicili a La Cerdanya. 10 Anys al seu servei. 2 locals a Puigcerd\u00e0. Neteja de sof\u00e0s, catifes i tapisseries a domicili","robots":{"index":"index","follow":"follow","max-snippet":"max-snippet:-1","max-image-preview":"max-image-preview:large","max-video-preview":"max-video-preview:-1"},"canonical":"https:\/\/ecobuga.com\/ca\/bugaderia-domicili-la-cerdanya\/","og_locale":"en_US","og_type":"article","og_title":"Bugaderia Autoservei i a Domicili | Bugaderia a La Cerdanya","og_description":"Bugaderia a Domicili a La Cerdanya. 10 Anys al seu servei. 2 locals a Puigcerd\u00e0. Neteja de sof\u00e0s, catifes i tapisseries a domicili","og_url":"https:\/\/ecobuga.com\/ca\/bugaderia-domicili-la-cerdanya\/","og_site_name":"Lavander\u00edas Autoservicio La Cerdanya","article_modified_time":"2023-09-23T18:24:24+00:00","og_image":[{"url":"https:\/\/ecobuga.com\/wp-content\/uploads\/2020\/12\/servei-neteja.jpg","type":"","width":"","height":""}],"twitter_card":"summary_large_image","twitter_misc":{"Est. reading time":"2 minutes"},"schema":{"@context":"https:\/\/schema.org","@graph":[{"@type":"WebPage","@id":"https:\/\/ecobuga.com\/ca\/bugaderia-domicili-la-cerdanya\/","url":"https:\/\/ecobuga.com\/ca\/bugaderia-domicili-la-cerdanya\/","name":"Bugaderia Autoservei i a Domicili | Bugaderia a La Cerdanya","isPartOf":{"@id":"https:\/\/ecobuga.com\/#website"},"primaryImageOfPage":{"@id":"https:\/\/ecobuga.com\/ca\/bugaderia-domicili-la-cerdanya\/#primaryimage"},"image":{"@id":"https:\/\/ecobuga.com\/ca\/bugaderia-domicili-la-cerdanya\/#primaryimage"},"thumbnailUrl":"https:\/\/ecobuga.com\/wp-content\/uploads\/2020\/12\/servei-neteja.jpg","datePublished":"2023-08-22T10:44:59+00:00","dateModified":"2023-09-23T18:24:24+00:00","description":"Bugaderia a Domicili a La Cerdanya. 10 Anys al seu servei. 2 locals a Puigcerd\u00e0. Neteja de sof\u00e0s, catifes i tapisseries a domicili","breadcrumb":{"@id":"https:\/\/ecobuga.com\/ca\/bugaderia-domicili-la-cerdanya\/#breadcrumb"},"inLanguage":"cat","potentialAction":[{"@type":"ReadAction","target":["https:\/\/ecobuga.com\/ca\/bugaderia-domicili-la-cerdanya\/"]}]},{"@type":"ImageObject","inLanguage":"cat","@id":"https:\/\/ecobuga.com\/ca\/bugaderia-domicili-la-cerdanya\/#primaryimage","url":"https:\/\/ecobuga.com\/wp-content\/uploads\/2020\/12\/servei-neteja.jpg","contentUrl":"https:\/\/ecobuga.com\/wp-content\/uploads\/2020\/12\/servei-neteja.jpg"},{"@type":"BreadcrumbList","@id":"https:\/\/ecobuga.com\/ca\/bugaderia-domicili-la-cerdanya\/#breadcrumb","itemListElement":[{"@type":"ListItem","position":1,"name":"Portada","item":"https:\/\/ecobuga.com\/"},{"@type":"ListItem","position":2,"name":"Servei a domicili"}]},{"@type":"WebSite","@id":"https:\/\/ecobuga.com\/#website","url":"https:\/\/ecobuga.com\/","name":"Lavander\u00edas Autoservicio La Cerdanya","description":"Lavander\u00edas Autoservicio La Cerdanya \/ Limpieza de Sof\u00e1s, Alfombras y Tapicer\u00eda en general","potentialAction":[{"@type":"SearchAction","target":{"@type":"EntryPoint","urlTemplate":"https:\/\/ecobuga.com\/?s={search_term_string}"},"query-input":{"@type":"PropertyValueSpecification","valueRequired":true,"valueName":"search_term_string"}}],"inLanguage":"cat"}]}},"_links":{"self":[{"href":"https:\/\/ecobuga.com\/ca\/wp-json\/wp\/v2\/pages\/1193","targetHints":{"allow":["GET"]}}],"collection":[{"href":"https:\/\/ecobuga.com\/ca\/wp-json\/wp\/v2\/pages"}],"about":[{"href":"https:\/\/ecobuga.com\/ca\/wp-json\/wp\/v2\/types\/page"}],"author":[{"embeddable":true,"href":"https:\/\/ecobuga.com\/ca\/wp-json\/wp\/v2\/users\/1"}],"replies":[{"embeddable":true,"href":"https:\/\/ecobuga.com\/ca\/wp-json\/wp\/v2\/comments?post=1193"}],"version-history":[{"count":15,"href":"https:\/\/ecobuga.com\/ca\/wp-json\/wp\/v2\/pages\/1193\/revisions"}],"predecessor-version":[{"id":1578,"href":"https:\/\/ecobuga.com\/ca\/wp-json\/wp\/v2\/pages\/1193\/revisions\/1578"}],"wp:attachment":[{"href":"https:\/\/ecobuga.com\/ca\/wp-json\/wp\/v2\/media?parent=1193"}],"curies":[{"name":"wp","href":"https:\/\/api.w.org\/{rel}","templated":true}]}}