{"id":1181,"date":"2022-04-13T15:20:26","date_gmt":"2022-04-13T15:20:26","guid":{"rendered":"https:\/\/ecobuga.com\/contacte\/"},"modified":"2023-09-23T18:25:25","modified_gmt":"2023-09-23T18:25:25","slug":"contacte-bugaderia-puigcerda","status":"publish","type":"page","link":"https:\/\/ecobuga.com\/ca\/contacte-bugaderia-puigcerda\/","title":{"rendered":"Contacte"},"content":{"rendered":"\t\t<div data-elementor-type=\"wp-page\" data-elementor-id=\"1181\" class=\"elementor elementor-1181\" data-elementor-post-type=\"page\">\n\t\t\t\t\t\t<section class=\"elementor-section elementor-top-section elementor-element elementor-element-63274aab elementor-section-boxed elementor-section-height-default elementor-section-height-default elementor-invisible\" data-id=\"63274aab\" data-element_type=\"section\" data-e-type=\"section\" data-settings=\"{&quot;background_background&quot;:&quot;classic&quot;,&quot;animation&quot;:&quot;fadeIn&quot;}\">\n\t\t\t\t\t\t\t<div class=\"elementor-background-overlay\"><\/div>\n\t\t\t\t\t\t\t<div class=\"elementor-container elementor-column-gap-default\">\n\t\t\t\t\t<div class=\"elementor-column elementor-col-100 elementor-top-column elementor-element elementor-element-21ffd314\" data-id=\"21ffd314\" data-element_type=\"column\" data-e-type=\"column\">\n\t\t\t<div class=\"elementor-widget-wrap elementor-element-populated\">\n\t\t\t\t\t\t<div class=\"elementor-element elementor-element-23681675 elementor-widget__width-auto de_scroll_animation_no elementor-invisible elementor-widget elementor-widget-heading\" data-id=\"23681675\" data-element_type=\"widget\" data-e-type=\"widget\" data-settings=\"{&quot;_animation&quot;:&quot;fadeInDown&quot;}\" data-widget_type=\"heading.default\">\n\t\t\t\t<div class=\"elementor-widget-container\">\n\t\t\t\t\t<h6 class=\"elementor-heading-title elementor-size-default\">EcoBuga<\/h6>\t\t\t\t<\/div>\n\t\t\t\t<\/div>\n\t\t\t\t\t<\/div>\n\t\t<\/div>\n\t\t\t\t\t<\/div>\n\t\t<\/section>\n\t\t\t\t<section class=\"elementor-section elementor-top-section elementor-element elementor-element-4f9956e elementor-section-boxed elementor-section-height-default elementor-section-height-default elementor-invisible\" data-id=\"4f9956e\" data-element_type=\"section\" data-e-type=\"section\" data-settings=\"{&quot;animation&quot;:&quot;fadeIn&quot;}\">\n\t\t\t\t\t\t<div class=\"elementor-container elementor-column-gap-default\">\n\t\t\t\t\t<div class=\"elementor-column elementor-col-50 elementor-top-column elementor-element elementor-element-1f82e34e\" data-id=\"1f82e34e\" data-element_type=\"column\" data-e-type=\"column\">\n\t\t\t<div class=\"elementor-widget-wrap elementor-element-populated\">\n\t\t\t\t\t\t<div class=\"elementor-element elementor-element-68ae6c35 elementor-widget__width-auto de_scroll_animation_no elementor-invisible elementor-widget elementor-widget-heading\" data-id=\"68ae6c35\" data-element_type=\"widget\" data-e-type=\"widget\" data-settings=\"{&quot;_animation&quot;:&quot;fadeInUp&quot;}\" data-widget_type=\"heading.default\">\n\t\t\t\t<div class=\"elementor-widget-container\">\n\t\t\t\t\t<h6 class=\"elementor-heading-title elementor-size-default\">Contacta'ns<\/h6>\t\t\t\t<\/div>\n\t\t\t\t<\/div>\n\t\t\t\t<div class=\"elementor-element elementor-element-3d9191cf de_scroll_animation_no elementor-invisible elementor-widget elementor-widget-heading\" data-id=\"3d9191cf\" data-element_type=\"widget\" data-e-type=\"widget\" data-settings=\"{&quot;_animation&quot;:&quot;fadeInUp&quot;}\" data-widget_type=\"heading.default\">\n\t\t\t\t<div class=\"elementor-widget-container\">\n\t\t\t\t\t<h2 class=\"elementor-heading-title elementor-size-default\">Estem a la teva disposici\u00f3<\/h2>\t\t\t\t<\/div>\n\t\t\t\t<\/div>\n\t\t\t\t<div class=\"elementor-element elementor-element-5c8f5556 de_scroll_animation_no elementor-invisible elementor-widget elementor-widget-text-editor\" data-id=\"5c8f5556\" data-element_type=\"widget\" data-e-type=\"widget\" data-settings=\"{&quot;_animation&quot;:&quot;fadeInUp&quot;}\" data-widget_type=\"text-editor.default\">\n\t\t\t\t<div class=\"elementor-widget-container\">\n\t\t\t\t\t\t\t\t\t<p>La teva comoditat i satisfacci\u00f3 s\u00f3n la nostra missi\u00f3. No dubtis en contactar-nos utilitzant els m\u00e8todes que trobar\u00e0s.\u00a0<\/p><p>Estem impacients per atendre&#8217;t i oferir-te els millors serveis a La Cerdanya. Descobreix avui mateix com EcoBuga pot fer la teva vida m\u00e9s f\u00e0cil.<\/p>\t\t\t\t\t\t\t\t<\/div>\n\t\t\t\t<\/div>\n\t\t\t\t<div class=\"elementor-element elementor-element-fb8d05e elementor-tablet-align-start elementor-mobile-align-center elementor-icon-list--layout-traditional elementor-list-item-link-full_width de_scroll_animation_no elementor-widget elementor-widget-icon-list\" data-id=\"fb8d05e\" data-element_type=\"widget\" data-e-type=\"widget\" data-widget_type=\"icon-list.default\">\n\t\t\t\t<div class=\"elementor-widget-container\">\n\t\t\t\t\t\t\t<ul class=\"elementor-icon-list-items\">\n\t\t\t\t\t\t\t<li class=\"elementor-icon-list-item\">\n\t\t\t\t\t\t\t\t\t\t\t<a href=\"tel:+34619585433\">\n\n\t\t\t\t\t\t\t\t\t\t\t\t<span class=\"elementor-icon-list-icon\">\n\t\t\t\t\t\t\t<svg aria-hidden=\"true\" class=\"e-font-icon-svg e-fas-phone-alt\" viewBox=\"0 0 512 512\" xmlns=\"http:\/\/www.w3.org\/2000\/svg\"><path d=\"M497.39 361.8l-112-48a24 24 0 0 0-28 6.9l-49.6 60.6A370.66 370.66 0 0 1 130.6 204.11l60.6-49.6a23.94 23.94 0 0 0 6.9-28l-48-112A24.16 24.16 0 0 0 122.6.61l-104 24A24 24 0 0 0 0 48c0 256.5 207.9 464 464 464a24 24 0 0 0 23.4-18.6l24-104a24.29 24.29 0 0 0-14.01-27.6z\"><\/path><\/svg>\t\t\t\t\t\t<\/span>\n\t\t\t\t\t\t\t\t\t\t<span class=\"elementor-icon-list-text\">+34 619 58 54 33 (Local)<\/span>\n\t\t\t\t\t\t\t\t\t\t\t<\/a>\n\t\t\t\t\t\t\t\t\t<\/li>\n\t\t\t\t\t\t\t\t<li class=\"elementor-icon-list-item\">\n\t\t\t\t\t\t\t\t\t\t\t<a href=\"tel:+34668630162\">\n\n\t\t\t\t\t\t\t\t\t\t\t\t<span class=\"elementor-icon-list-icon\">\n\t\t\t\t\t\t\t<svg aria-hidden=\"true\" class=\"e-font-icon-svg e-fas-phone-alt\" viewBox=\"0 0 512 512\" xmlns=\"http:\/\/www.w3.org\/2000\/svg\"><path d=\"M497.39 361.8l-112-48a24 24 0 0 0-28 6.9l-49.6 60.6A370.66 370.66 0 0 1 130.6 204.11l60.6-49.6a23.94 23.94 0 0 0 6.9-28l-48-112A24.16 24.16 0 0 0 122.6.61l-104 24A24 24 0 0 0 0 48c0 256.5 207.9 464 464 464a24 24 0 0 0 23.4-18.6l24-104a24.29 24.29 0 0 0-14.01-27.6z\"><\/path><\/svg>\t\t\t\t\t\t<\/span>\n\t\t\t\t\t\t\t\t\t\t<span class=\"elementor-icon-list-text\">+34 668 63 01 62 (Servei a Domicili)<\/span>\n\t\t\t\t\t\t\t\t\t\t\t<\/a>\n\t\t\t\t\t\t\t\t\t<\/li>\n\t\t\t\t\t\t\t\t<li class=\"elementor-icon-list-item\">\n\t\t\t\t\t\t\t\t\t\t\t<a href=\"mailto:info@ecobuga.com\">\n\n\t\t\t\t\t\t\t\t\t\t\t\t<span class=\"elementor-icon-list-icon\">\n\t\t\t\t\t\t\t<svg aria-hidden=\"true\" class=\"e-font-icon-svg e-far-envelope\" viewBox=\"0 0 512 512\" xmlns=\"http:\/\/www.w3.org\/2000\/svg\"><path d=\"M464 64H48C21.49 64 0 85.49 0 112v288c0 26.51 21.49 48 48 48h416c26.51 0 48-21.49 48-48V112c0-26.51-21.49-48-48-48zm0 48v40.805c-22.422 18.259-58.168 46.651-134.587 106.49-16.841 13.247-50.201 45.072-73.413 44.701-23.208.375-56.579-31.459-73.413-44.701C106.18 199.465 70.425 171.067 48 152.805V112h416zM48 400V214.398c22.914 18.251 55.409 43.862 104.938 82.646 21.857 17.205 60.134 55.186 103.062 54.955 42.717.231 80.509-37.199 103.053-54.947 49.528-38.783 82.032-64.401 104.947-82.653V400H48z\"><\/path><\/svg>\t\t\t\t\t\t<\/span>\n\t\t\t\t\t\t\t\t\t\t<span class=\"elementor-icon-list-text\"> info@ecobuga.com<\/span>\n\t\t\t\t\t\t\t\t\t\t\t<\/a>\n\t\t\t\t\t\t\t\t\t<\/li>\n\t\t\t\t\t\t<\/ul>\n\t\t\t\t\t\t<\/div>\n\t\t\t\t<\/div>\n\t\t\t\t\t<\/div>\n\t\t<\/div>\n\t\t\t\t<div class=\"elementor-column elementor-col-50 elementor-top-column elementor-element elementor-element-19dc371b\" data-id=\"19dc371b\" data-element_type=\"column\" data-e-type=\"column\">\n\t\t\t<div class=\"elementor-widget-wrap elementor-element-populated\">\n\t\t\t\t\t\t<div class=\"elementor-element elementor-element-cb8aab7 elementor-button-align-stretch de_scroll_animation_no elementor-widget elementor-widget-form\" data-id=\"cb8aab7\" data-element_type=\"widget\" data-e-type=\"widget\" data-settings=\"{&quot;step_next_label&quot;:&quot;Siguiente&quot;,&quot;step_previous_label&quot;:&quot;Anterior&quot;,&quot;button_width&quot;:&quot;100&quot;,&quot;step_type&quot;:&quot;number_text&quot;,&quot;step_icon_shape&quot;:&quot;circle&quot;}\" data-widget_type=\"form.default\">\n\t\t\t\t<div class=\"elementor-widget-container\">\n\t\t\t\t\t\t\t<form class=\"elementor-form\" method=\"post\" name=\"From Contacte\" aria-label=\"From Contacte\">\n\t\t\t<input type=\"hidden\" name=\"post_id\" value=\"1181\"\/>\n\t\t\t<input type=\"hidden\" name=\"form_id\" value=\"cb8aab7\"\/>\n\t\t\t<input type=\"hidden\" name=\"referer_title\" value=\"Bugaderia Autoservei i a Domicili | Bugaderia a La Cerdanya\" \/>\n\n\t\t\t\t\t\t\t<input type=\"hidden\" name=\"queried_id\" value=\"1181\"\/>\n\t\t\t\n\t\t\t<div class=\"elementor-form-fields-wrapper elementor-labels-above\">\n\t\t\t\t\t\t\t\t<div class=\"elementor-field-type-text elementor-field-group elementor-column elementor-field-group-name elementor-col-100\">\n\t\t\t\t\t\t\t\t\t\t\t\t<label for=\"form-field-name\" class=\"elementor-field-label\">\n\t\t\t\t\t\t\t\tNom\t\t\t\t\t\t\t<\/label>\n\t\t\t\t\t\t\t\t\t\t\t\t\t\t<input size=\"1\" type=\"text\" name=\"form_fields[name]\" id=\"form-field-name\" class=\"elementor-field elementor-size-sm  elementor-field-textual\" placeholder=\"Nom\">\n\t\t\t\t\t\t\t\t\t\t\t<\/div>\n\t\t\t\t\t\t\t\t<div class=\"elementor-field-type-email elementor-field-group elementor-column elementor-field-group-email elementor-col-50 elementor-field-required\">\n\t\t\t\t\t\t\t\t\t\t\t\t<label for=\"form-field-email\" class=\"elementor-field-label\">\n\t\t\t\t\t\t\t\tCorreu electr\u00f2nic\t\t\t\t\t\t\t<\/label>\n\t\t\t\t\t\t\t\t\t\t\t\t\t\t<input size=\"1\" type=\"email\" name=\"form_fields[email]\" id=\"form-field-email\" class=\"elementor-field elementor-size-sm  elementor-field-textual\" placeholder=\"Correu electr\u00f2nic\" required=\"required\">\n\t\t\t\t\t\t\t\t\t\t\t<\/div>\n\t\t\t\t\t\t\t\t<div class=\"elementor-field-type-tel elementor-field-group elementor-column elementor-field-group-field_0088fd9 elementor-col-50\">\n\t\t\t\t\t\t\t\t\t\t\t\t<label for=\"form-field-field_0088fd9\" class=\"elementor-field-label\">\n\t\t\t\t\t\t\t\tTel\u00e8fon\t\t\t\t\t\t\t<\/label>\n\t\t\t\t\t\t\t\t<input size=\"1\" type=\"tel\" name=\"form_fields[field_0088fd9]\" id=\"form-field-field_0088fd9\" class=\"elementor-field elementor-size-sm  elementor-field-textual\" placeholder=\"Tel\u00e8fon\" pattern=\"[0-9()#&amp;+*-=.]+\" title=\"Only numbers and phone characters (#, -, *, etc) are accepted.\">\n\n\t\t\t\t\t\t<\/div>\n\t\t\t\t\t\t\t\t<div class=\"elementor-field-type-text elementor-field-group elementor-column elementor-field-group-field_14c4b3c elementor-col-100\">\n\t\t\t\t\t\t\t\t\t\t\t\t<label for=\"form-field-field_14c4b3c\" class=\"elementor-field-label\">\n\t\t\t\t\t\t\t\tAssumpte\t\t\t\t\t\t\t<\/label>\n\t\t\t\t\t\t\t\t\t\t\t\t\t\t<input size=\"1\" type=\"text\" name=\"form_fields[field_14c4b3c]\" id=\"form-field-field_14c4b3c\" class=\"elementor-field elementor-size-sm  elementor-field-textual\" placeholder=\"Assumpte\">\n\t\t\t\t\t\t\t\t\t\t\t<\/div>\n\t\t\t\t\t\t\t\t<div class=\"elementor-field-type-textarea elementor-field-group elementor-column elementor-field-group-message elementor-col-100 elementor-field-required\">\n\t\t\t\t\t\t\t\t\t\t\t\t<label for=\"form-field-message\" class=\"elementor-field-label\">\n\t\t\t\t\t\t\t\tMisatge\t\t\t\t\t\t\t<\/label>\n\t\t\t\t\t\t<textarea class=\"elementor-field-textual elementor-field  elementor-size-sm\" name=\"form_fields[message]\" id=\"form-field-message\" rows=\"4\" placeholder=\"Misatge\" required=\"required\"><\/textarea>\t\t\t\t<\/div>\n\t\t\t\t\t\t\t\t<div class=\"elementor-field-type-acceptance elementor-field-group elementor-column elementor-field-group-field_c8ab2d9 elementor-col-100 elementor-field-required\">\n\t\t\t\t\t\t\t<div class=\"elementor-field-subgroup\">\n\t\t\t<span class=\"elementor-field-option\">\n\t\t\t\t<input type=\"checkbox\" name=\"form_fields[field_c8ab2d9]\" id=\"form-field-field_c8ab2d9\" class=\"elementor-field elementor-size-sm  elementor-acceptance-field\" required=\"required\">\n\t\t\t\t<label for=\"form-field-field_c8ab2d9\">He llegit i accepto la <a style=\"color: XXX\" href=\"https:\/\/ecobuga.com\/politica-privacidad\"> Pol\u00edtica de Privacitat<\/a>.\n\n<\/label>\t\t\t<\/span>\n\t\t<\/div>\n\t\t\t\t\t\t<\/div>\n\t\t\t\t\t\t\t\t<div class=\"elementor-field-group elementor-column elementor-field-type-submit elementor-col-100 e-form__buttons\">\n\t\t\t\t\t<button class=\"elementor-button elementor-size-sm\" type=\"submit\">\n\t\t\t\t\t\t<span class=\"elementor-button-content-wrapper\">\n\t\t\t\t\t\t\t\t\t\t\t\t\t\t\t\t\t\t\t\t\t\t<span class=\"elementor-button-text\">Enviar<\/span>\n\t\t\t\t\t\t\t\t\t\t\t\t\t<\/span>\n\t\t\t\t\t<\/button>\n\t\t\t\t<\/div>\n\t\t\t<\/div>\n\t\t<\/form>\n\t\t\t\t\t\t<\/div>\n\t\t\t\t<\/div>\n\t\t\t\t\t<\/div>\n\t\t<\/div>\n\t\t\t\t\t<\/div>\n\t\t<\/section>\n\t\t\t\t<section class=\"elementor-section elementor-top-section elementor-element elementor-element-87ca156 elementor-section-boxed elementor-section-height-default elementor-section-height-default elementor-invisible\" data-id=\"87ca156\" data-element_type=\"section\" data-e-type=\"section\" data-settings=\"{&quot;animation&quot;:&quot;fadeIn&quot;}\">\n\t\t\t\t\t\t<div class=\"elementor-container elementor-column-gap-default\">\n\t\t\t\t\t<div class=\"elementor-column elementor-col-50 elementor-top-column elementor-element elementor-element-0872127\" data-id=\"0872127\" data-element_type=\"column\" data-e-type=\"column\">\n\t\t\t<div class=\"elementor-widget-wrap elementor-element-populated\">\n\t\t\t\t\t\t<div class=\"elementor-element elementor-element-8dbe170 de_scroll_animation_no elementor-widget elementor-widget-heading\" data-id=\"8dbe170\" data-element_type=\"widget\" data-e-type=\"widget\" data-widget_type=\"heading.default\">\n\t\t\t\t<div class=\"elementor-widget-container\">\n\t\t\t\t\t<h2 class=\"elementor-heading-title elementor-size-default\">Avinguda Pons i Gasch, 4, baixos dret, 17520 Puigcerd\u00e0 (Girona)<\/h2>\t\t\t\t<\/div>\n\t\t\t\t<\/div>\n\t\t\t\t<div class=\"elementor-element elementor-element-d196775 de_scroll_animation_no elementor-widget elementor-widget-google_maps\" data-id=\"d196775\" data-element_type=\"widget\" data-e-type=\"widget\" data-widget_type=\"google_maps.default\">\n\t\t\t\t<div class=\"elementor-widget-container\">\n\t\t\t\t\t\t\t<div class=\"elementor-custom-embed\">\n\t\t\t<iframe loading=\"lazy\"\n\t\t\t\t\tsrc=\"https:\/\/maps.google.com\/maps?q=Av.%20Pons%20i%20Gasch%2C%204%2C%2017520%20Puigcerd%C3%A0%2C%20Girona%2C%20Espa%C3%B1a&#038;t=m&#038;z=13&#038;output=embed&#038;iwloc=near\"\n\t\t\t\t\ttitle=\"Av. Pons i Gasch, 4, 17520 Puigcerd\u00e0, Girona, Espa\u00f1a\"\n\t\t\t\t\taria-label=\"Av. Pons i Gasch, 4, 17520 Puigcerd\u00e0, Girona, Espa\u00f1a\"\n\t\t\t><\/iframe>\n\t\t<\/div>\n\t\t\t\t\t\t<\/div>\n\t\t\t\t<\/div>\n\t\t\t\t\t<\/div>\n\t\t<\/div>\n\t\t\t\t<div class=\"elementor-column elementor-col-50 elementor-top-column elementor-element elementor-element-d8e8941\" data-id=\"d8e8941\" data-element_type=\"column\" data-e-type=\"column\">\n\t\t\t<div class=\"elementor-widget-wrap elementor-element-populated\">\n\t\t\t\t\t\t<div class=\"elementor-element elementor-element-6c00a77 de_scroll_animation_no elementor-widget elementor-widget-heading\" data-id=\"6c00a77\" data-element_type=\"widget\" data-e-type=\"widget\" data-widget_type=\"heading.default\">\n\t\t\t\t<div class=\"elementor-widget-container\">\n\t\t\t\t\t<h2 class=\"elementor-heading-title elementor-size-default\">Avinguda del Segre, 56, 17520 Puigcerd\u00e0 (Girona)<\/h2>\t\t\t\t<\/div>\n\t\t\t\t<\/div>\n\t\t\t\t<div class=\"elementor-element elementor-element-4c1147a de_scroll_animation_no elementor-widget elementor-widget-google_maps\" data-id=\"4c1147a\" data-element_type=\"widget\" data-e-type=\"widget\" data-widget_type=\"google_maps.default\">\n\t\t\t\t<div class=\"elementor-widget-container\">\n\t\t\t\t\t\t\t<div class=\"elementor-custom-embed\">\n\t\t\t<iframe loading=\"lazy\"\n\t\t\t\t\tsrc=\"https:\/\/maps.google.com\/maps?q=EcoBuga%20Autoservicio%20y%20Limpieza%20de%20Sof%C3%A0s%2C%20Alfombras%20y%20Tapicer%C3%ADa%20-%20La%20Cerdanya%20%2F%20Alt%20Urgell%20Avinguda%20del%20Segre%2C%2056%2C%2017520%20Puigcerd%C3%A0%2C%20Girona&#038;t=m&#038;z=13&#038;output=embed&#038;iwloc=near\"\n\t\t\t\t\ttitle=\"EcoBuga Autoservicio y Limpieza de Sof\u00e0s, Alfombras y Tapicer\u00eda - La Cerdanya \/ Alt Urgell Avinguda del Segre, 56, 17520 Puigcerd\u00e0, Girona\"\n\t\t\t\t\taria-label=\"EcoBuga Autoservicio y Limpieza de Sof\u00e0s, Alfombras y Tapicer\u00eda - La Cerdanya \/ Alt Urgell Avinguda del Segre, 56, 17520 Puigcerd\u00e0, Girona\"\n\t\t\t><\/iframe>\n\t\t<\/div>\n\t\t\t\t\t\t<\/div>\n\t\t\t\t<\/div>\n\t\t\t\t\t<\/div>\n\t\t<\/div>\n\t\t\t\t\t<\/div>\n\t\t<\/section>\n\t\t\t\t<\/div>\n\t\t","protected":false},"excerpt":{"rendered":"<p>EcoBuga Contacta&#8217;ns Estem a la teva disposici\u00f3 La teva comoditat i satisfacci\u00f3 s\u00f3n la nostra missi\u00f3. No dubtis en contactar-nos utilitzant els m\u00e8todes que trobar\u00e0s. Estem impacients per atendre&#8217;t i oferir-te els millors serveis de bugaderia a La Cerdanya. Descobreix avui mateix com EcoBuga pot fer la teva vida m\u00e9s f\u00e0cil. +34 619 58 54 [&hellip;]<\/p>\n","protected":false},"author":1,"featured_media":0,"parent":0,"menu_order":0,"comment_status":"closed","ping_status":"closed","template":"elementor_header_footer","meta":{"footnotes":""},"class_list":["post-1181","page","type-page","status-publish","hentry"],"yoast_head":"<!-- This site is optimized with the Yoast SEO plugin v26.8 - https:\/\/yoast.com\/product\/yoast-seo-wordpress\/ -->\n<title>Bugaderia Autoservei i a Domicili | Bugaderia a La Cerdanya<\/title>\n<meta name=\"description\" content=\"Bugaderia Autoservei i a Domicili a La Cerdanya. 10 Anys al seu servei. 2 locals. Neteja de sof\u00e0s, catifes i tapisseries a La Cerdanya.\" \/>\n<meta name=\"robots\" content=\"index, follow, max-snippet:-1, max-image-preview:large, max-video-preview:-1\" \/>\n<link rel=\"canonical\" href=\"https:\/\/ecobuga.com\/ca\/contacte-bugaderia-puigcerda\/\" \/>\n<meta property=\"og:locale\" content=\"en_US\" \/>\n<meta property=\"og:type\" content=\"article\" \/>\n<meta property=\"og:title\" content=\"Bugaderia Autoservei i a Domicili | Bugaderia a La Cerdanya\" \/>\n<meta property=\"og:description\" content=\"Bugaderia Autoservei i a Domicili a La Cerdanya. 10 Anys al seu servei. 2 locals. Neteja de sof\u00e0s, catifes i tapisseries a La Cerdanya.\" \/>\n<meta property=\"og:url\" content=\"https:\/\/ecobuga.com\/ca\/contacte-bugaderia-puigcerda\/\" \/>\n<meta property=\"og:site_name\" content=\"Lavander\u00edas Autoservicio La Cerdanya\" \/>\n<meta property=\"article:modified_time\" content=\"2023-09-23T18:25:25+00:00\" \/>\n<meta name=\"twitter:card\" content=\"summary_large_image\" \/>\n<meta name=\"twitter:label1\" content=\"Est. reading time\" \/>\n\t<meta name=\"twitter:data1\" content=\"1 minute\" \/>\n<script type=\"application\/ld+json\" class=\"yoast-schema-graph\">{\"@context\":\"https:\/\/schema.org\",\"@graph\":[{\"@type\":\"WebPage\",\"@id\":\"https:\/\/ecobuga.com\/ca\/contacte-bugaderia-puigcerda\/\",\"url\":\"https:\/\/ecobuga.com\/ca\/contacte-bugaderia-puigcerda\/\",\"name\":\"Bugaderia Autoservei i a Domicili | Bugaderia a La Cerdanya\",\"isPartOf\":{\"@id\":\"https:\/\/ecobuga.com\/#website\"},\"datePublished\":\"2022-04-13T15:20:26+00:00\",\"dateModified\":\"2023-09-23T18:25:25+00:00\",\"description\":\"Bugaderia Autoservei i a Domicili a La Cerdanya. 10 Anys al seu servei. 2 locals. Neteja de sof\u00e0s, catifes i tapisseries a La Cerdanya.\",\"breadcrumb\":{\"@id\":\"https:\/\/ecobuga.com\/ca\/contacte-bugaderia-puigcerda\/#breadcrumb\"},\"inLanguage\":\"cat\",\"potentialAction\":[{\"@type\":\"ReadAction\",\"target\":[\"https:\/\/ecobuga.com\/ca\/contacte-bugaderia-puigcerda\/\"]}]},{\"@type\":\"BreadcrumbList\",\"@id\":\"https:\/\/ecobuga.com\/ca\/contacte-bugaderia-puigcerda\/#breadcrumb\",\"itemListElement\":[{\"@type\":\"ListItem\",\"position\":1,\"name\":\"Portada\",\"item\":\"https:\/\/ecobuga.com\/\"},{\"@type\":\"ListItem\",\"position\":2,\"name\":\"Contacte\"}]},{\"@type\":\"WebSite\",\"@id\":\"https:\/\/ecobuga.com\/#website\",\"url\":\"https:\/\/ecobuga.com\/\",\"name\":\"Lavander\u00edas Autoservicio La Cerdanya\",\"description\":\"Lavander\u00edas Autoservicio La Cerdanya \/ Limpieza de Sof\u00e1s, Alfombras y Tapicer\u00eda en general\",\"potentialAction\":[{\"@type\":\"SearchAction\",\"target\":{\"@type\":\"EntryPoint\",\"urlTemplate\":\"https:\/\/ecobuga.com\/?s={search_term_string}\"},\"query-input\":{\"@type\":\"PropertyValueSpecification\",\"valueRequired\":true,\"valueName\":\"search_term_string\"}}],\"inLanguage\":\"cat\"}]}<\/script>\n<!-- \/ Yoast SEO plugin. -->","yoast_head_json":{"title":"Bugaderia Autoservei i a Domicili | Bugaderia a La Cerdanya","description":"Bugaderia Autoservei i a Domicili a La Cerdanya. 10 Anys al seu servei. 2 locals. Neteja de sof\u00e0s, catifes i tapisseries a La Cerdanya.","robots":{"index":"index","follow":"follow","max-snippet":"max-snippet:-1","max-image-preview":"max-image-preview:large","max-video-preview":"max-video-preview:-1"},"canonical":"https:\/\/ecobuga.com\/ca\/contacte-bugaderia-puigcerda\/","og_locale":"en_US","og_type":"article","og_title":"Bugaderia Autoservei i a Domicili | Bugaderia a La Cerdanya","og_description":"Bugaderia Autoservei i a Domicili a La Cerdanya. 10 Anys al seu servei. 2 locals. Neteja de sof\u00e0s, catifes i tapisseries a La Cerdanya.","og_url":"https:\/\/ecobuga.com\/ca\/contacte-bugaderia-puigcerda\/","og_site_name":"Lavander\u00edas Autoservicio La Cerdanya","article_modified_time":"2023-09-23T18:25:25+00:00","twitter_card":"summary_large_image","twitter_misc":{"Est. reading time":"1 minute"},"schema":{"@context":"https:\/\/schema.org","@graph":[{"@type":"WebPage","@id":"https:\/\/ecobuga.com\/ca\/contacte-bugaderia-puigcerda\/","url":"https:\/\/ecobuga.com\/ca\/contacte-bugaderia-puigcerda\/","name":"Bugaderia Autoservei i a Domicili | Bugaderia a La Cerdanya","isPartOf":{"@id":"https:\/\/ecobuga.com\/#website"},"datePublished":"2022-04-13T15:20:26+00:00","dateModified":"2023-09-23T18:25:25+00:00","description":"Bugaderia Autoservei i a Domicili a La Cerdanya. 10 Anys al seu servei. 2 locals. Neteja de sof\u00e0s, catifes i tapisseries a La Cerdanya.","breadcrumb":{"@id":"https:\/\/ecobuga.com\/ca\/contacte-bugaderia-puigcerda\/#breadcrumb"},"inLanguage":"cat","potentialAction":[{"@type":"ReadAction","target":["https:\/\/ecobuga.com\/ca\/contacte-bugaderia-puigcerda\/"]}]},{"@type":"BreadcrumbList","@id":"https:\/\/ecobuga.com\/ca\/contacte-bugaderia-puigcerda\/#breadcrumb","itemListElement":[{"@type":"ListItem","position":1,"name":"Portada","item":"https:\/\/ecobuga.com\/"},{"@type":"ListItem","position":2,"name":"Contacte"}]},{"@type":"WebSite","@id":"https:\/\/ecobuga.com\/#website","url":"https:\/\/ecobuga.com\/","name":"Lavander\u00edas Autoservicio La Cerdanya","description":"Lavander\u00edas Autoservicio La Cerdanya \/ Limpieza de Sof\u00e1s, Alfombras y Tapicer\u00eda en general","potentialAction":[{"@type":"SearchAction","target":{"@type":"EntryPoint","urlTemplate":"https:\/\/ecobuga.com\/?s={search_term_string}"},"query-input":{"@type":"PropertyValueSpecification","valueRequired":true,"valueName":"search_term_string"}}],"inLanguage":"cat"}]}},"_links":{"self":[{"href":"https:\/\/ecobuga.com\/ca\/wp-json\/wp\/v2\/pages\/1181","targetHints":{"allow":["GET"]}}],"collection":[{"href":"https:\/\/ecobuga.com\/ca\/wp-json\/wp\/v2\/pages"}],"about":[{"href":"https:\/\/ecobuga.com\/ca\/wp-json\/wp\/v2\/types\/page"}],"author":[{"embeddable":true,"href":"https:\/\/ecobuga.com\/ca\/wp-json\/wp\/v2\/users\/1"}],"replies":[{"embeddable":true,"href":"https:\/\/ecobuga.com\/ca\/wp-json\/wp\/v2\/comments?post=1181"}],"version-history":[{"count":12,"href":"https:\/\/ecobuga.com\/ca\/wp-json\/wp\/v2\/pages\/1181\/revisions"}],"predecessor-version":[{"id":1795,"href":"https:\/\/ecobuga.com\/ca\/wp-json\/wp\/v2\/pages\/1181\/revisions\/1795"}],"wp:attachment":[{"href":"https:\/\/ecobuga.com\/ca\/wp-json\/wp\/v2\/media?parent=1181"}],"curies":[{"name":"wp","href":"https:\/\/api.w.org\/{rel}","templated":true}]}}